{"id":8,"date":"2023-03-23T15:06:12","date_gmt":"2023-03-23T15:06:12","guid":{"rendered":"https:\/\/psh-motorsport.de\/?page_id=8"},"modified":"2025-12-31T09:17:43","modified_gmt":"2025-12-31T09:17:43","slug":"legal-notice","status":"publish","type":"page","link":"https:\/\/www.psh-motorsport.de\/de\/legal-notice\/","title":{"rendered":"Impressum"},"content":{"rendered":"\t\t<div data-elementor-type=\"wp-page\" data-elementor-id=\"8\" class=\"elementor elementor-8\" data-elementor-post-type=\"page\">\n\t\t\t\t\t\t<section class=\"elementor-section elementor-top-section elementor-element elementor-element-a6759a9 elementor-section-boxed elementor-section-height-default elementor-section-height-default\" data-id=\"a6759a9\" data-element_type=\"section\" data-e-type=\"section\">\n\t\t\t\t\t\t<div class=\"elementor-container elementor-column-gap-default\">\n\t\t\t\t\t<div class=\"elementor-column elementor-col-100 elementor-top-column elementor-element elementor-element-d11d700\" data-id=\"d11d700\" data-element_type=\"column\" data-e-type=\"column\">\n\t\t\t<div class=\"elementor-widget-wrap elementor-element-populated\">\n\t\t\t\t\t\t<div class=\"elementor-element elementor-element-5914904 elementor-widget elementor-widget-text-editor\" data-id=\"5914904\" data-element_type=\"widget\" data-e-type=\"widget\" data-widget_type=\"text-editor.default\">\n\t\t\t\t<div class=\"elementor-widget-container\">\n\t\t\t\t\t\t\t\t\t<h1>Impressum<\/h1>\n<p>Guido Hudelmaier<br>PSH Motorsport<br>Hofwiesen 7<br>73667 Kaisersbach<\/p>\n<h2>Kontakt<\/h2>\n<p>Telefon: +49 7182 5680379<br>E-Mail: info@psh-motorsport.de<\/p>\n<h2>Umsatzsteuer-ID<\/h2>\n<p>Umsatzsteuer-Identifikationsnummer gem\u00e4\u00df \u00a7 27 a Umsatzsteuergesetz:<br>DE335944978<\/p>\n<h2>Angaben zur Berufshaftpflicht-versicherung<\/h2>\n<p><strong>Name und Sitz des Versicherers:<\/strong><br>Zurich Gruppe Deutschland<br>Deutzer Allee 1<br>50679 K\u00f6ln<\/p>\n<p><strong>Geltungsraum der Versicherung:<\/strong><br>Europa<\/p>\n<h2>Redaktionell Verantwortlicher<\/h2>\n<p>Guido Hudelmaier<br>Hofwiesen 7<br>73667 Kaisersbach<\/p>\n<h2>Verbraucher-streitbeilegung \/ Universal-schlichtungsstelle<\/h2>\n<p>Wir sind nicht bereit oder verpflichtet, an Streitbeilegungsverfahren vor einer Verbraucherschlichtungsstelle teilzunehmen.<\/p>\n<p><b>DESIGN, KONZEPT &amp; WARTUNG:<\/b><\/p>\n<p><b><img decoding=\"async\" class=\"alignnone size-medium wp-image-1187\" src=\"https:\/\/www.psh-motorsport.de\/wp-content\/uploads\/2024\/10\/copyright-300x32.webp\" alt=\"\" width=\"300\" height=\"32\" srcset=\"https:\/\/www.psh-motorsport.de\/wp-content\/uploads\/2024\/10\/copyright-300x32.webp 300w, https:\/\/www.psh-motorsport.de\/wp-content\/uploads\/2024\/10\/copyright-18x2.webp 18w, https:\/\/www.psh-motorsport.de\/wp-content\/uploads\/2024\/10\/copyright.webp 768w\" sizes=\"(max-width: 300px) 100vw, 300px\" \/><\/b><\/p>\n<p><a href=\"mailto:hello@demarketix.com\" target=\"_blank\" rel=\"noopener noreferrer\">hello@demarketix.com<\/a><\/p>\n<p><a href=\"http:\/\/www.demarketix.com\/\" target=\"_blank\" rel=\"noopener noreferrer\">www.demarketix.com<br><\/a><\/p>\n<p><span style=\"color: var(--ast-global-color-2); font-family: 'Open Sans', sans-serif; font-size: 1.5rem; font-style: inherit; font-weight: bold; background-color: var(--ast-global-color-4);\">Haftung f\u00fcr Inhalte<\/span><\/p>\n<p>Als Diensteanbieter sind wir gem\u00e4\u00df \u00a7 7 Abs.1 DDG f\u00fcr eigene Inhalte auf diesen Seiten nach den allgemeinen Gesetzen verantwortlich. Nach \u00a7\u00a7 8 bis 10 DDG sind wir als Diensteanbieter jedoch nicht verpflichtet, \u00fcbermittelte oder gespeicherte fremde Informationen zu \u00fcberwachen oder nach Umst\u00e4nden zu forschen, die auf eine rechtswidrige T\u00e4tigkeit hinweisen.<\/p>\n<p>Verpflichtungen zur Entfernung oder Sperrung der Nutzung von Informationen nach den allgemeinen Gesetzen bleiben hiervon unber\u00fchrt. Eine diesbez\u00fcgliche Haftung ist jedoch erst ab dem Zeitpunkt der Kenntnis einer konkreten Rechtsverletzung m\u00f6glich. Bei Bekanntwerden von entsprechenden Rechtsverletzungen werden wir diese Inhalte umgehend entfernen.<\/p>\n<h3>Haftung f\u00fcr Links<\/h3>\n<p>Unser Angebot enth\u00e4lt Links zu externen Websites Dritter, auf deren Inhalte wir keinen Einfluss haben. Deshalb k\u00f6nnen wir f\u00fcr diese fremden Inhalte auch keine Gew\u00e4hr \u00fcbernehmen. F\u00fcr die Inhalte der verlinkten Seiten ist stets der jeweilige Anbieter oder Betreiber der Seiten verantwortlich. Die verlinkten Seiten wurden zum Zeitpunkt der Verlinkung auf m\u00f6gliche Rechtsverst\u00f6\u00dfe \u00fcberpr\u00fcft. Rechtswidrige Inhalte waren zum Zeitpunkt der Verlinkung nicht erkennbar.<\/p>\n<p>Eine permanente inhaltliche Kontrolle der verlinkten Seiten ist jedoch ohne konkrete Anhaltspunkte einer Rechtsverletzung nicht zumutbar. Bei Bekanntwerden von Rechtsverletzungen werden wir derartige Links umgehend entfernen.<\/p>\n<h3>Urheberrecht<\/h3>\n<p>Die durch die Seitenbetreiber erstellten Inhalte und Werke auf diesen Seiten unterliegen dem deutschen Urheberrecht. Die Vervielf\u00e4ltigung, Bearbeitung, Verbreitung und jede Art der Verwertung au\u00dferhalb der Grenzen des Urheberrechtes bed\u00fcrfen der schriftlichen Zustimmung des jeweiligen Autors bzw. Erstellers. Downloads und Kopien dieser Seite sind nur f\u00fcr den privaten, nicht kommerziellen Gebrauch gestattet.<\/p>\n<p>Soweit die Inhalte auf dieser Seite nicht vom Betreiber erstellt wurden, werden die Urheberrechte Dritter beachtet. Insbesondere werden Inhalte Dritter als solche gekennzeichnet. Sollten Sie trotzdem auf eine Urheberrechtsverletzung aufmerksam werden, bitten wir um einen entsprechenden Hinweis. Bei Bekanntwerden von Rechtsverletzungen werden wir derartige Inhalte umgehend entfernen.<\/p>\t\t\t\t\t\t\t\t<\/div>\n\t\t\t\t<\/div>\n\t\t\t\t\t<\/div>\n\t\t<\/div>\n\t\t\t\t\t<\/div>\n\t\t<\/section>\n\t\t\t\t<\/div>\n\t\t","protected":false},"excerpt":{"rendered":"<p>Impressum Guido HudelmaierPSH MotorsportHofwiesen 773667 Kaisersbach Kontakt Telefon: +49 7182 5680379E-Mail: info@psh-motorsport.de Umsatzsteuer-ID Umsatzsteuer-Identifikationsnummer gem\u00e4\u00df \u00a7 27 a Umsatzsteuergesetz:DE335944978 Angaben zur Berufshaftpflicht-versicherung Name und Sitz des Versicherers:Zurich Gruppe DeutschlandDeutzer Allee 150679 K\u00f6ln Geltungsraum der Versicherung:Europa Redaktionell Verantwortlicher Guido HudelmaierHofwiesen 773667 Kaisersbach Verbraucher-streitbeilegung \/ Universal-schlichtungsstelle Wir sind nicht bereit oder verpflichtet, an Streitbeilegungsverfahren vor einer Verbraucherschlichtungsstelle [&hellip;]<\/p>\n","protected":false},"author":2,"featured_media":0,"parent":0,"menu_order":0,"comment_status":"closed","ping_status":"closed","template":"","meta":{"site-sidebar-layout":"no-sidebar","site-content-layout":"page-builder","ast-site-content-layout":"default","site-content-style":"default","site-sidebar-style":"default","ast-global-header-display":"","ast-banner-title-visibility":"","ast-main-header-display":"","ast-hfb-above-header-display":"","ast-hfb-below-header-display":"","ast-hfb-mobile-header-display":"","site-post-title":"disabled","ast-breadcrumbs-content":"","ast-featured-img":"disabled","footer-sml-layout":"","ast-disable-related-posts":"","theme-transparent-header-meta":"","adv-header-id-meta":"","stick-header-meta":"","header-above-stick-meta":"","header-main-stick-meta":"","header-below-stick-meta":"","astra-migrate-meta-layouts":"default","ast-page-background-enabled":"default","ast-page-background-meta":{"desktop":{"background-color":"","background-image":"","background-repeat":"repeat","background-position":"center center","background-size":"auto","background-attachment":"scroll","background-type":"","background-media":"","overlay-type":"","overlay-color":"","overlay-opacity":"","overlay-gradient":""},"tablet":{"background-color":"","background-image":"","background-repeat":"repeat","background-position":"center center","background-size":"auto","background-attachment":"scroll","background-type":"","background-media":"","overlay-type":"","overlay-color":"","overlay-opacity":"","overlay-gradient":""},"mobile":{"background-color":"","background-image":"","background-repeat":"repeat","background-position":"center center","background-size":"auto","background-attachment":"scroll","background-type":"","background-media":"","overlay-type":"","overlay-color":"","overlay-opacity":"","overlay-gradient":""}},"ast-content-background-meta":{"desktop":{"background-color":"var(--ast-global-color-5)","background-image":"","background-repeat":"repeat","background-position":"center center","background-size":"auto","background-attachment":"scroll","background-type":"","background-media":"","overlay-type":"","overlay-color":"","overlay-opacity":"","overlay-gradient":""},"tablet":{"background-color":"var(--ast-global-color-5)","background-image":"","background-repeat":"repeat","background-position":"center center","background-size":"auto","background-attachment":"scroll","background-type":"","background-media":"","overlay-type":"","overlay-color":"","overlay-opacity":"","overlay-gradient":""},"mobile":{"background-color":"var(--ast-global-color-5)","background-image":"","background-repeat":"repeat","background-position":"center center","background-size":"auto","background-attachment":"scroll","background-type":"","background-media":"","overlay-type":"","overlay-color":"","overlay-opacity":"","overlay-gradient":""}},"footnotes":""},"class_list":["post-8","page","type-page","status-publish","hentry"],"yoast_head":"<!-- This site is optimized with the Yoast SEO plugin v27.4 - https:\/\/yoast.com\/product\/yoast-seo-wordpress\/ -->\n<title>Impressum - PSH Motorsport<\/title>\n<meta name=\"robots\" content=\"noindex, follow\" \/>\n<meta property=\"og:locale\" content=\"de_DE\" \/>\n<meta property=\"og:type\" content=\"article\" \/>\n<meta property=\"og:title\" content=\"Impressum - PSH Motorsport\" \/>\n<meta property=\"og:description\" content=\"Impressum Guido HudelmaierPSH MotorsportHofwiesen 773667 Kaisersbach Kontakt Telefon: +49 7182 5680379E-Mail: info@psh-motorsport.de Umsatzsteuer-ID Umsatzsteuer-Identifikationsnummer gem\u00e4\u00df \u00a7 27 a Umsatzsteuergesetz:DE335944978 Angaben zur Berufshaftpflicht-versicherung Name und Sitz des Versicherers:Zurich Gruppe DeutschlandDeutzer Allee 150679 K\u00f6ln Geltungsraum der Versicherung:Europa Redaktionell Verantwortlicher Guido HudelmaierHofwiesen 773667 Kaisersbach Verbraucher-streitbeilegung \/ Universal-schlichtungsstelle Wir sind nicht bereit oder verpflichtet, an Streitbeilegungsverfahren vor einer Verbraucherschlichtungsstelle [&hellip;]\" \/>\n<meta property=\"og:url\" content=\"https:\/\/www.psh-motorsport.de\/de\/legal-notice\/\" \/>\n<meta property=\"og:site_name\" content=\"PSH Motorsport\" \/>\n<meta property=\"article:publisher\" content=\"https:\/\/www.facebook.com\/PSHMotorsport\/\" \/>\n<meta property=\"article:modified_time\" content=\"2025-12-31T09:17:43+00:00\" \/>\n<meta property=\"og:image\" content=\"https:\/\/www.psh-motorsport.de\/wp-content\/uploads\/2024\/10\/copyright.webp\" \/>\n\t<meta property=\"og:image:width\" content=\"768\" \/>\n\t<meta property=\"og:image:height\" content=\"83\" \/>\n\t<meta property=\"og:image:type\" content=\"image\/webp\" \/>\n<meta name=\"twitter:card\" content=\"summary_large_image\" \/>\n<meta name=\"twitter:label1\" content=\"Gesch\u00e4tzte Lesezeit\" \/>\n\t<meta name=\"twitter:data1\" content=\"3\u00a0Minuten\" \/>\n<script type=\"application\/ld+json\" class=\"yoast-schema-graph\">{\"@context\":\"https:\\\/\\\/schema.org\",\"@graph\":[{\"@type\":\"WebPage\",\"@id\":\"https:\\\/\\\/www.psh-motorsport.de\\\/legal-notice\\\/\",\"url\":\"https:\\\/\\\/www.psh-motorsport.de\\\/legal-notice\\\/\",\"name\":\"Impressum - PSH Motorsport\",\"isPartOf\":{\"@id\":\"https:\\\/\\\/www.psh-motorsport.de\\\/de\\\/#website\"},\"primaryImageOfPage\":{\"@id\":\"https:\\\/\\\/www.psh-motorsport.de\\\/legal-notice\\\/#primaryimage\"},\"image\":{\"@id\":\"https:\\\/\\\/www.psh-motorsport.de\\\/legal-notice\\\/#primaryimage\"},\"thumbnailUrl\":\"https:\\\/\\\/www.psh-motorsport.de\\\/wp-content\\\/uploads\\\/2024\\\/10\\\/copyright-300x32.webp\",\"datePublished\":\"2023-03-23T15:06:12+00:00\",\"dateModified\":\"2025-12-31T09:17:43+00:00\",\"breadcrumb\":{\"@id\":\"https:\\\/\\\/www.psh-motorsport.de\\\/legal-notice\\\/#breadcrumb\"},\"inLanguage\":\"de\",\"potentialAction\":[{\"@type\":\"ReadAction\",\"target\":[\"https:\\\/\\\/www.psh-motorsport.de\\\/legal-notice\\\/\"]}]},{\"@type\":\"ImageObject\",\"inLanguage\":\"de\",\"@id\":\"https:\\\/\\\/www.psh-motorsport.de\\\/legal-notice\\\/#primaryimage\",\"url\":\"https:\\\/\\\/www.psh-motorsport.de\\\/wp-content\\\/uploads\\\/2024\\\/10\\\/copyright-300x32.webp\",\"contentUrl\":\"https:\\\/\\\/www.psh-motorsport.de\\\/wp-content\\\/uploads\\\/2024\\\/10\\\/copyright-300x32.webp\"},{\"@type\":\"BreadcrumbList\",\"@id\":\"https:\\\/\\\/www.psh-motorsport.de\\\/legal-notice\\\/#breadcrumb\",\"itemListElement\":[{\"@type\":\"ListItem\",\"position\":1,\"name\":\"Startseite\",\"item\":\"https:\\\/\\\/www.psh-motorsport.de\\\/\"},{\"@type\":\"ListItem\",\"position\":2,\"name\":\"Impressum\"}]},{\"@type\":\"WebSite\",\"@id\":\"https:\\\/\\\/www.psh-motorsport.de\\\/de\\\/#website\",\"url\":\"https:\\\/\\\/www.psh-motorsport.de\\\/de\\\/\",\"name\":\"PSH Motorsport\",\"description\":\"\",\"publisher\":{\"@id\":\"https:\\\/\\\/www.psh-motorsport.de\\\/de\\\/#organization\"},\"potentialAction\":[{\"@type\":\"SearchAction\",\"target\":{\"@type\":\"EntryPoint\",\"urlTemplate\":\"https:\\\/\\\/www.psh-motorsport.de\\\/de\\\/?s={search_term_string}\"},\"query-input\":{\"@type\":\"PropertyValueSpecification\",\"valueRequired\":true,\"valueName\":\"search_term_string\"}}],\"inLanguage\":\"de\"},{\"@type\":\"Organization\",\"@id\":\"https:\\\/\\\/www.psh-motorsport.de\\\/de\\\/#organization\",\"name\":\"PSH Motorsport\",\"url\":\"https:\\\/\\\/www.psh-motorsport.de\\\/de\\\/\",\"logo\":{\"@type\":\"ImageObject\",\"inLanguage\":\"de\",\"@id\":\"https:\\\/\\\/www.psh-motorsport.de\\\/de\\\/#\\\/schema\\\/logo\\\/image\\\/\",\"url\":\"https:\\\/\\\/psh-motorsport.de\\\/wp-content\\\/uploads\\\/2023\\\/03\\\/PSH_gradient_Flag_black.png\",\"contentUrl\":\"https:\\\/\\\/psh-motorsport.de\\\/wp-content\\\/uploads\\\/2023\\\/03\\\/PSH_gradient_Flag_black.png\",\"width\":1946,\"height\":631,\"caption\":\"PSH Motorsport\"},\"image\":{\"@id\":\"https:\\\/\\\/www.psh-motorsport.de\\\/de\\\/#\\\/schema\\\/logo\\\/image\\\/\"},\"sameAs\":[\"https:\\\/\\\/www.facebook.com\\\/PSHMotorsport\\\/\",\"https:\\\/\\\/www.instagram.com\\\/psh.motorsport\\\/\",\"https:\\\/\\\/youtube.com\\\/@pshmotorsport\"]}]}<\/script>\n<!-- \/ Yoast SEO plugin. -->","yoast_head_json":{"title":"Impressum - PSH Motorsport","robots":{"index":"noindex","follow":"follow"},"og_locale":"de_DE","og_type":"article","og_title":"Impressum - PSH Motorsport","og_description":"Impressum Guido HudelmaierPSH MotorsportHofwiesen 773667 Kaisersbach Kontakt Telefon: +49 7182 5680379E-Mail: info@psh-motorsport.de Umsatzsteuer-ID Umsatzsteuer-Identifikationsnummer gem\u00e4\u00df \u00a7 27 a Umsatzsteuergesetz:DE335944978 Angaben zur Berufshaftpflicht-versicherung Name und Sitz des Versicherers:Zurich Gruppe DeutschlandDeutzer Allee 150679 K\u00f6ln Geltungsraum der Versicherung:Europa Redaktionell Verantwortlicher Guido HudelmaierHofwiesen 773667 Kaisersbach Verbraucher-streitbeilegung \/ Universal-schlichtungsstelle Wir sind nicht bereit oder verpflichtet, an Streitbeilegungsverfahren vor einer Verbraucherschlichtungsstelle [&hellip;]","og_url":"https:\/\/www.psh-motorsport.de\/de\/legal-notice\/","og_site_name":"PSH Motorsport","article_publisher":"https:\/\/www.facebook.com\/PSHMotorsport\/","article_modified_time":"2025-12-31T09:17:43+00:00","og_image":[{"width":768,"height":83,"url":"https:\/\/www.psh-motorsport.de\/wp-content\/uploads\/2024\/10\/copyright.webp","type":"image\/webp"}],"twitter_card":"summary_large_image","twitter_misc":{"Gesch\u00e4tzte Lesezeit":"3\u00a0Minuten"},"schema":{"@context":"https:\/\/schema.org","@graph":[{"@type":"WebPage","@id":"https:\/\/www.psh-motorsport.de\/legal-notice\/","url":"https:\/\/www.psh-motorsport.de\/legal-notice\/","name":"Impressum - PSH Motorsport","isPartOf":{"@id":"https:\/\/www.psh-motorsport.de\/de\/#website"},"primaryImageOfPage":{"@id":"https:\/\/www.psh-motorsport.de\/legal-notice\/#primaryimage"},"image":{"@id":"https:\/\/www.psh-motorsport.de\/legal-notice\/#primaryimage"},"thumbnailUrl":"https:\/\/www.psh-motorsport.de\/wp-content\/uploads\/2024\/10\/copyright-300x32.webp","datePublished":"2023-03-23T15:06:12+00:00","dateModified":"2025-12-31T09:17:43+00:00","breadcrumb":{"@id":"https:\/\/www.psh-motorsport.de\/legal-notice\/#breadcrumb"},"inLanguage":"de","potentialAction":[{"@type":"ReadAction","target":["https:\/\/www.psh-motorsport.de\/legal-notice\/"]}]},{"@type":"ImageObject","inLanguage":"de","@id":"https:\/\/www.psh-motorsport.de\/legal-notice\/#primaryimage","url":"https:\/\/www.psh-motorsport.de\/wp-content\/uploads\/2024\/10\/copyright-300x32.webp","contentUrl":"https:\/\/www.psh-motorsport.de\/wp-content\/uploads\/2024\/10\/copyright-300x32.webp"},{"@type":"BreadcrumbList","@id":"https:\/\/www.psh-motorsport.de\/legal-notice\/#breadcrumb","itemListElement":[{"@type":"ListItem","position":1,"name":"Startseite","item":"https:\/\/www.psh-motorsport.de\/"},{"@type":"ListItem","position":2,"name":"Impressum"}]},{"@type":"WebSite","@id":"https:\/\/www.psh-motorsport.de\/de\/#website","url":"https:\/\/www.psh-motorsport.de\/de\/","name":"PSH Motorsport","description":"","publisher":{"@id":"https:\/\/www.psh-motorsport.de\/de\/#organization"},"potentialAction":[{"@type":"SearchAction","target":{"@type":"EntryPoint","urlTemplate":"https:\/\/www.psh-motorsport.de\/de\/?s={search_term_string}"},"query-input":{"@type":"PropertyValueSpecification","valueRequired":true,"valueName":"search_term_string"}}],"inLanguage":"de"},{"@type":"Organization","@id":"https:\/\/www.psh-motorsport.de\/de\/#organization","name":"PSH Motorsport","url":"https:\/\/www.psh-motorsport.de\/de\/","logo":{"@type":"ImageObject","inLanguage":"de","@id":"https:\/\/www.psh-motorsport.de\/de\/#\/schema\/logo\/image\/","url":"https:\/\/psh-motorsport.de\/wp-content\/uploads\/2023\/03\/PSH_gradient_Flag_black.png","contentUrl":"https:\/\/psh-motorsport.de\/wp-content\/uploads\/2023\/03\/PSH_gradient_Flag_black.png","width":1946,"height":631,"caption":"PSH Motorsport"},"image":{"@id":"https:\/\/www.psh-motorsport.de\/de\/#\/schema\/logo\/image\/"},"sameAs":["https:\/\/www.facebook.com\/PSHMotorsport\/","https:\/\/www.instagram.com\/psh.motorsport\/","https:\/\/youtube.com\/@pshmotorsport"]}]}},"_links":{"self":[{"href":"https:\/\/www.psh-motorsport.de\/de\/wp-json\/wp\/v2\/pages\/8","targetHints":{"allow":["GET"]}}],"collection":[{"href":"https:\/\/www.psh-motorsport.de\/de\/wp-json\/wp\/v2\/pages"}],"about":[{"href":"https:\/\/www.psh-motorsport.de\/de\/wp-json\/wp\/v2\/types\/page"}],"author":[{"embeddable":true,"href":"https:\/\/www.psh-motorsport.de\/de\/wp-json\/wp\/v2\/users\/2"}],"replies":[{"embeddable":true,"href":"https:\/\/www.psh-motorsport.de\/de\/wp-json\/wp\/v2\/comments?post=8"}],"version-history":[{"count":30,"href":"https:\/\/www.psh-motorsport.de\/de\/wp-json\/wp\/v2\/pages\/8\/revisions"}],"predecessor-version":[{"id":1308,"href":"https:\/\/www.psh-motorsport.de\/de\/wp-json\/wp\/v2\/pages\/8\/revisions\/1308"}],"wp:attachment":[{"href":"https:\/\/www.psh-motorsport.de\/de\/wp-json\/wp\/v2\/media?parent=8"}],"curies":[{"name":"wp","href":"https:\/\/api.w.org\/{rel}","templated":true}]}}